{"id":662,"date":"2014-08-01T12:40:55","date_gmt":"2014-08-01T10:40:55","guid":{"rendered":"http:\/\/www.mikaila.info\/blog\/?page_id=662"},"modified":"2023-06-18T03:54:06","modified_gmt":"2023-06-18T01:54:06","slug":"avant-propos","status":"publish","type":"page","link":"https:\/\/www.mikaila.info\/blog\/avant-propos\/","title":{"rendered":"*Qlqs mots&#8230;|"},"content":{"rendered":"<p style=\"text-align: right;\"><span style=\"color: #002800; font-size: 12pt; font-family: tahoma,arial,helvetica,sans-serif;\"><em>\u00a0 \u00a0 \u00a0 \u00a0 \u00a0<\/em><\/span><span style=\"font-family: tahoma,arial,helvetica,sans-serif;\"><span style=\"color: #002800; font-size: 12pt;\"><em><span style=\"color: #008000;\">T\u00e8bo du B\u00e9nin, le 1er ao\u00fbt 2014<\/span><\/em><\/span><\/span><\/p>\n<p style=\"text-align: justify;\"><a href=\"http:\/\/www.mikaila.info\/blog\/wp-content\/uploads\/2014\/07\/mikgrille1.jpg\"><img decoding=\"async\" loading=\"lazy\" class=\"alignnone wp-image-554\" src=\"http:\/\/www.mikaila.info\/blog\/wp-content\/uploads\/2014\/07\/mikgrille1.jpg\" alt=\"mikgrille\" width=\"131\" height=\"130\" srcset=\"https:\/\/www.mikaila.info\/blog\/wp-content\/uploads\/2014\/07\/mikgrille1.jpg 268w, https:\/\/www.mikaila.info\/blog\/wp-content\/uploads\/2014\/07\/mikgrille1-150x150.jpg 150w, https:\/\/www.mikaila.info\/blog\/wp-content\/uploads\/2014\/07\/mikgrille1-144x144.jpg 144w\" sizes=\"(max-width: 131px) 100vw, 131px\" \/><\/a>\u00a0\u00a0\u00a0\u00a0\u00a0\u00a0\u00a0\u00a0\u00a0 <span style=\"color: #008000;\"><span style=\"font-size: 14pt;\">Quelques mots pour commencer !<\/span><\/span><\/p>\n<div class=\"_5pbx userContent\" data-ft=\"{&quot;tn&quot;:&quot;K&quot;}\">\n<p style=\"text-align: left;\"><span style=\"color: #000000; font-size: 10pt; font-family: tahoma,arial,helvetica,sans-serif;\">\u00ab C\u2019est une grande mis\u00e8re que de n\u2019avoir pas assez d\u2019esprit<\/span><\/p>\n<p style=\"text-align: left;\"><span style=\"color: #000000; font-size: 10pt; font-family: tahoma,arial,helvetica,sans-serif;\"> pour bien parler, ni assez de jugement pour se taire. \u00bb<\/span><\/p>\n<p style=\"text-align: left;\"><span style=\"text-decoration: underline;\"><a title=\"Jean de La Bruy\u00e8re\" href=\"http:\/\/fr.wikipedia.org\/wiki\/Jean_de_La_Bruy%C3%A8re\"><span style=\"color: #000000; font-size: 10pt; font-family: tahoma,arial,helvetica,sans-serif; text-decoration: underline;\"><strong>Jean de La Bruy\u00e8re<\/strong><\/span><\/a><\/span><\/p>\n<p style=\"text-align: left;\">\n<\/div>\n<p style=\"text-align: justify;\"><span style=\"color: #008000; font-size: 12pt; font-family: tahoma,arial,helvetica,sans-serif;\"><span style=\"font-size: 18pt;\">J<\/span>e livre sur ce support num\u00e9rique, troisi\u00e8me version de mon site Internet, mes points de vue, mes r\u00e9flexions sur les questions br\u00fblantes de l&rsquo;actualit\u00e9 et au sujet des faits de la quotidiennet\u00e9. Cela dit, je n&rsquo;ai pas tricot\u00e9 ce blog dans le dessein de candidater \u00e0 un concours devant \u00e9valuer entre autres la qualit\u00e9 de sa forme architecturale et de son contenu. En effet, je ne pr\u00e9tends pas \u00eatre un Web designer, ni un Cyber Journaliste ; je suis juste moi.<\/span><\/p>\n<p style=\"text-align: justify;\"><span style=\"color: #008000; font-size: 12pt; font-family: tahoma,arial,helvetica,sans-serif;\">Le squelette qui supporte ce blog est le <a title=\"CMS\" href=\"http:\/\/fr.wikipedia.org\/wiki\/Syst%C3%A8me_de_gestion_de_contenu\" target=\"_blank\" rel=\"noopener noreferrer\"><span style=\"color: #008000;\">CMS<\/span><\/a> <a title=\"WordPress\" href=\"http:\/\/www.wordpress-fr.net\/\" target=\"_blank\" rel=\"noopener noreferrer\"><span style=\"color: #008000;\"><span style=\"text-decoration: underline;\">WordPress<\/span>.<\/span><\/a> Il est habill\u00e9 du Th\u00e8me <span style=\"text-decoration: underline;\"><a title=\"Easl\" href=\"http:\/\/frumph.net\/2012\/09\/11\/easel-3-1\/\" target=\"_blank\" rel=\"noopener noreferrer\"><span style=\"color: #008000; text-decoration: underline;\">Easl<\/span><\/a><\/span>, qui lui donne son apparence globale telle qu&rsquo;elle se donne \u00e0 voir. La pr\u00e9sentation et le\u00a0 fonctionnement du blog, tels que je les ai voulus, ont \u00e9t\u00e9 rendus possibles gr\u00e2ce \u00e0 l&rsquo;articulation harmonieuse et le concours de plusieurs accessoires\u00a0 fonctionnels <span style=\"text-decoration: underline;\">(<a title=\"Plugin\" href=\"http:\/\/fr.wikipedia.org\/wiki\/Plugin\" target=\"_blank\" rel=\"noopener noreferrer\"><span style=\"color: #008000; text-decoration: underline;\">plugin<\/span><\/a><\/span>)s greff\u00e9s au squelette.<\/span><\/p>\n<p style=\"text-align: justify;\"><span style=\"color: #008000; font-size: 12pt; font-family: tahoma,arial,helvetica,sans-serif;\">\u00a0<\/span><\/p>\n<p style=\"text-align: justify;\"><span style=\"color: #008000; font-size: 12pt; font-family: tahoma,arial,helvetica,sans-serif;\"><em><strong>\u00a0<\/strong><\/em><\/span><\/p>\n<p style=\"text-align: right;\"><span style=\"color: #002800; font-size: 12pt; font-family: tahoma,arial,helvetica,sans-serif;\">\u00a0\u00a0\u00a0\u00a0\u00a0\u00a0\u00a0\u00a0\u00a0\u00a0\u00a0\u00a0\u00a0\u00a0\u00a0\u00a0\u00a0\u00a0\u00a0\u00a0\u00a0\u00a0\u00a0\u00a0\u00a0\u00a0\u00a0\u00a0\u00a0\u00a0\u00a0\u00a0\u00a0\u00a0\u00a0\u00a0\u00a0\u00a0\u00a0\u00a0\u00a0\u00a0\u00a0\u00a0\u00a0\u00a0\u00a0\u00a0\u00a0\u00a0\u00a0\u00a0\u00a0\u00a0\u00a0\u00a0\u00a0\u00a0\u00a0\u00a0\u00a0\u00a0\u00a0\u00a0\u00a0\u00a0\u00a0\u00a0\u00a0\u00a0\u00a0\u00a0\u00a0\u00a0\u00a0\u00a0\u00a0\u00a0\u00a0\u00a0\u00a0\u00a0\u00a0\u00a0\u00a0\u00a0\u00a0\u00a0\u00a0\u00a0\u00a0\u00a0\u00a0\u00a0\u00a0\u00a0\u00a0\u00a0\u00a0\u00a0\u00a0\u00a0\u00a0\u00a0\u00a0\u00a0\u00a0\u00a0\u00a0\u00a0\u00a0\u00a0\u00a0\u00a0\u00a0\u00a0\u00a0\u00a0\u00a0\u00a0\u00a0\u00a0\u00a0\u00a0\u00a0\u00a0\u00a0\u00a0\u00a0\u00a0\u00a0\u00a0\u00a0\u00a0\u00a0\u00a0\u00a0\u00a0\u00a0\u00a0\u00a0\u00a0\u00a0\u00a0\u00a0\u00a0\u00a0\u00a0\u00a0\u00a0\u00a0\u00a0\u00a0\u00a0\u00a0\u00a0\u00a0\u00a0\u00a0\u00a0\u00a0\u00a0\u00a0\u00a0\u00a0\u00a0\u00a0\u00a0\u00a0\u00a0\u00a0\u00a0\u00a0\u00a0\u00a0\u00a0\u00a0\u00a0\u00a0\u00a0\u00a0\u00a0\u00a0\u00a0\u00a0\u00a0\u00a0\u00a0\u00a0\u00a0\u00a0\u00a0\u00a0\u00a0\u00a0\u00a0\u00a0\u00a0\u00a0\u00a0\u00a0\u00a0\u00a0\u00a0\u00a0\u00a0\u00a0\u00a0\u00a0\u00a0\u00a0\u00a0\u00a0\u00a0\u00a0\u00a0\u00a0\u00a0\u00a0\u00a0\u00a0\u00a0\u00a0\u00a0\u00a0\u00a0\u00a0\u00a0\u00a0\u00a0\u00a0\u00a0\u00a0\u00a0\u00a0\u00a0\u00a0\u00a0\u00a0\u00a0\u00a0\u00a0\u00a0\u00a0\u00a0\u00a0\u00a0\u00a0\u00a0\u00a0\u00a0\u00a0\u00a0\u00a0\u00a0\u00a0\u00a0\u00a0\u00a0\u00a0\u00a0\u00a0\u00a0\u00a0\u00a0\u00a0\u00a0\u00a0\u00a0\u00a0\u00a0<span style=\"color: #008000;\"><strong> Mika\u00efla KASSOUMOU<\/strong><\/span><\/span><\/p>\n<p style=\"text-align: right;\"><span style=\"color: #008000; font-family: tahoma,arial,helvetica,sans-serif;\">M,K.-LT@ COMMUNICATIONS<\/span><\/p>\n","protected":false},"excerpt":{"rendered":"<p>\u00a0 \u00a0 \u00a0 \u00a0 \u00a0T\u00e8bo du B\u00e9nin, le 1er ao\u00fbt 2014 \u00a0\u00a0\u00a0\u00a0\u00a0\u00a0\u00a0\u00a0\u00a0 Quelques mots pour commencer ! \u00ab C\u2019est une grande mis\u00e8re que de n\u2019avoir pas assez d\u2019esprit pour bien parler, ni assez de jugement pour se taire. \u00bb Jean[&hellip;] <a class=\"more-link\" href=\"https:\/\/www.mikaila.info\/blog\/avant-propos\/\">&darr; Read the rest of this entry&#8230;<\/a><\/p>\n","protected":false},"author":1,"featured_media":0,"parent":0,"menu_order":0,"comment_status":"closed","ping_status":"closed","template":"","meta":[],"_links":{"self":[{"href":"https:\/\/www.mikaila.info\/blog\/wp-json\/wp\/v2\/pages\/662"}],"collection":[{"href":"https:\/\/www.mikaila.info\/blog\/wp-json\/wp\/v2\/pages"}],"about":[{"href":"https:\/\/www.mikaila.info\/blog\/wp-json\/wp\/v2\/types\/page"}],"author":[{"embeddable":true,"href":"https:\/\/www.mikaila.info\/blog\/wp-json\/wp\/v2\/users\/1"}],"replies":[{"embeddable":true,"href":"https:\/\/www.mikaila.info\/blog\/wp-json\/wp\/v2\/comments?post=662"}],"version-history":[{"count":11,"href":"https:\/\/www.mikaila.info\/blog\/wp-json\/wp\/v2\/pages\/662\/revisions"}],"predecessor-version":[{"id":2910,"href":"https:\/\/www.mikaila.info\/blog\/wp-json\/wp\/v2\/pages\/662\/revisions\/2910"}],"wp:attachment":[{"href":"https:\/\/www.mikaila.info\/blog\/wp-json\/wp\/v2\/media?parent=662"}],"curies":[{"name":"wp","href":"https:\/\/api.w.org\/{rel}","templated":true}]}}