{"id":1344,"date":"2016-07-12T23:14:02","date_gmt":"2016-07-12T21:14:02","guid":{"rendered":"http:\/\/www.mikaila.info\/blog\/?page_id=1344"},"modified":"2018-02-05T02:08:28","modified_gmt":"2018-02-05T01:08:28","slug":"une-reflexion-mklta","status":"publish","type":"page","link":"https:\/\/www.mikaila.info\/blog\/une-reflexion-mklta\/","title":{"rendered":"*Une R\u00e9flexion #MKLTA"},"content":{"rendered":"<p>\u25ba Un ESPRIT encombr\u00e9 n\u2019est pas IMAGINATIF. M,K.<br \/>\n[\u00a0<a class=\"_58cn\" href=\"https:\/\/www.facebook.com\/hashtag\/t%C3%A8bo?source=feed_text&amp;story_id=1297429300403135\" data-ft=\"{&quot;tn&quot;:&quot;*N&quot;,&quot;type&quot;:104}\"><span class=\"_5afx\"><span class=\"_58cl _5afz\" aria-label=\"hashtag\">#<\/span><span class=\"_58cm\">T\u00e8bo<\/span><\/span><\/a>\u00a0du\u00a0<a class=\"_58cn\" href=\"https:\/\/www.facebook.com\/hashtag\/b%C3%A9nin?source=feed_text&amp;story_id=1297429300403135\" data-ft=\"{&quot;tn&quot;:&quot;*N&quot;,&quot;type&quot;:104}\"><span class=\"_5afx\"><span class=\"_58cl _5afz\" aria-label=\"hashtag\">#<\/span><span class=\"_58cm\">B\u00e9nin<\/span><\/span><\/a>\u00a0; 2002]. En Hommage \u00e0 mon Fr\u00e8re et \u00e9quipier de terrain, intr\u00e9pide et perspicace,\u00a0<a class=\"_58cn\" href=\"https:\/\/www.facebook.com\/hashtag\/bond%C3%A9?source=feed_text&amp;story_id=1297429300403135\" data-ft=\"{&quot;tn&quot;:&quot;*N&quot;,&quot;type&quot;:104}\"><span class=\"_5afx\"><span class=\"_58cl _5afz\" aria-label=\"hashtag\">#<\/span><span class=\"_58cm\">Bond\u00e9<\/span><\/span><\/a>\u00a0Orou Tobou Pierre [+]. Requiescant in pace.<\/p>\n<p>\u25baL\u2019INTELLECTUEL devant faire savoir publiquement son OPINION, nourrit par cons\u00e9quent la CRITIQUE parce que son POINT DE VUE co\u00efncide rarement avec certains autres concurrents, ou oppos\u00e9s. M\u00eame dans les situations o\u00f9 son point de vue co\u00efncide avec d\u2019autres opinions propos\u00e9es dans l\u2019espace public, il ne peut pr\u00e9tendre arrogamment d\u00e9tenir toute la V\u00c9RIT\u00c9, d\u2019autant qu\u2019elle est souvent DYNAMIQUE et PLURIELLE ; mais peut se targuer au m\u00eame titre que ses pairs porteurs d\u2019opinions n\u2019ayant pas recueilli l\u2019assentiment du grand nombre, d\u2019avoir fait \u00e9voluer la CONNAISSANCE du R\u00c9EL. Et, peut, par l\u00e0 m\u00eame, soutenir humblement avoir contribu\u00e9 \u00e0 \u00e9lever de quelque mani\u00e8re, et si minime soit-il, la CONSCIENCE de son PEUPLE : la COMMUNAUT\u00c9 des travailleurs INTELLECTUELS dont le r\u00f4le est de PENSER LA SOCI\u00c9T\u00c9 dans une VISION PROSPECTIVE, et celle des travailleurs MANUELS qui sont le bras arm\u00e9 du D\u00c9VELOPPEMENT dans la CIT\u00c9. [\u2026]. M,K.<\/p>\n<p>\u25ba LE GO\u00dbT est relatif et circonstanci\u00e9. Il emprunte ses \u00e9l\u00e9ments d\u2019appr\u00e9ciation aux cultures des divers mondes sociaux auxquels appartient ou a appartenu le sujet qui l\u2019appr\u00e9cie en tenant compte des go\u00fbts dominants du moment. M,K.<img decoding=\"async\" loading=\"lazy\" class=\"size-medium wp-image-2248 alignright\" src=\"http:\/\/www.mikaila.info\/blog\/wp-content\/uploads\/2018\/02\/Hommeayant-sa-t\u00eate-en-main-297x300.jpg\" alt=\"\" width=\"297\" height=\"300\" srcset=\"https:\/\/www.mikaila.info\/blog\/wp-content\/uploads\/2018\/02\/Hommeayant-sa-t\u00eate-en-main-297x300.jpg 297w, https:\/\/www.mikaila.info\/blog\/wp-content\/uploads\/2018\/02\/Hommeayant-sa-t\u00eate-en-main.jpg 700w\" sizes=\"(max-width: 297px) 100vw, 297px\" \/><\/p>\n<p>\u25baL\u2019ELITE D\u00c9CLINANTE.<br \/>\nUne \u00e9lite qui ne se renouvelle pas est une \u00e9lite moribonde ayant atteint son apog\u00e9e et condamn\u00e9e, pour cette raison, \u00e0 dispara\u00eetre. M,K.<\/p>\n<p>\u25ba La VIOLENCE aveugle, devenue un d\u00e9fouloir pour des gens d\u00e9pit\u00e9s, perdus, livr\u00e9s \u00e0 eux-m\u00eames et sans rep\u00e8res soci\u00e9taux et moraux solides ; ne fait pas de calcul et fait rarement la diff\u00e9rence entre \u00ab le renoi \u00bb, \u00ab le chintok \u00bb, \u00ab le babtou \u00bb, \u00ab le reubeu \u00bb, le \u00ab bledard \u00bb ; wallah ! La soci\u00e9t\u00e9 moderne sophistiqu\u00e9e et impitoyable encadre de plus en plus insuffisamment \u00ab l\u2019individu \u00bb. Il est livr\u00e9 \u00e0 lui-m\u00eame avec sa \u00ab petite t\u00eate \u00bb dans une \u00ab soci\u00e9t\u00e9 \u00bb qui s\u2019est s\u00e9rieusement complexifi\u00e9e et dans laquelle les modes de vie et les politiques publiques sont pens\u00e9s et impos\u00e9s par les planificateurs \u00e9tatiques r\u00e9fugi\u00e9s derri\u00e8re de beaux ordinateurs, \u00e0 \u00ab grosse m\u00e9moire \u00bb intelligente totalement d\u00e9connect\u00e9s de la r\u00e9alit\u00e9 du terrain et qui ne savent que r\u00e9fl\u00e9chir en mode binaire : (A prendre\/oui ou \u00e0 laisser\/non). Ce faisant, il n y a plus de place pour la n\u00e9gociation, et c\u2019est cette absence de n\u00e9gociation qui engendre, l\u2019\u00e9closion de la violence, sa diversification, sa mont\u00e9e en puissance et sa banalisation. M,K.<\/p>\n<p>\u25baLA FIN DE VIE INSUPPORTABLE.<br \/>\nCe qu\u2019il y a de plus insupportable en \u00ab FIN DE VIE \u00bb, c\u2019est moins le passage \u00e0 une autre vie, mais beaucoup plus la douleur inflig\u00e9e au corps de celui qui part et \u00e0 l\u2019esprit de ceux qui restent. M,K.<\/p>\n<p>\u25baL\u2019HOMME MORTEL COURAGEUX.<br \/>\nOn peut d\u00e9celer, me semble-t-il, la manifestation du courage et de l\u2019intelligence de l\u2019Homme dans le fait qu\u2019il se sait mortel et continue de vivre pleinement sa vie en d\u00e9pit de cette certitude. M,K.<\/p>\n<p>\u25ba LA MAGIE DE NO\u00cbL, c\u2019est surtout le pouvoir PROFANE qu\u2019elle a de rassembler nos \u00ab JEUNES C\u0152URS \u00bb, ind\u00e9pendamment de leurs ob\u00e9diences id\u00e9ologiques, politiques et RELIGIEUSES, pour leur enseigner ou rappeler les valeurs cardinales SACR\u00c9ES de solidarit\u00e9, de communion et d\u2019humilit\u00e9.<\/p>\n<p>Merci, CHRIST-SAUVEUR, de nous offrir ce beau jour, exceptionnel o\u00f9 notre PROFONDE HUMANIT\u00c9 nous est rappel\u00e9e \u00e0 l\u2019\u00e9tat pur.\u00a0 M,K.<\/p>\n<p>\u25baL\u2019ESPOIR.<br \/>\nDans les moments de D\u00c9SESPOIR marqu\u00e9s par de fortes conjectures et de grandes TRISTESSEs, c\u2019est en r\u00e9activant dans sa m\u00e9moire, ses moments de BONHEUR ant\u00e9rieurement v\u00e9cus, et en se d\u00e9lectant de ces instants qui furent exceptionnels et enivrants, que l\u2019on pourrait parvenir \u00e0 ressusciter et entretenir l\u2019ESPOIR, trouver l\u2019\u00e9nergie combative, les possibilit\u00e9s et formes d\u2019actions idoines \u00e0 mener pour r\u00e9enchanter sa VIE. M,K.<\/p>\n<p>\u25ba Les LANGUES MATERNELLES vont toujours demeurer les premiers r\u00e9servoirs langagiers dans lesquels nous puisons m\u00e9caniquement nos phon\u00e8mes, nos concepts, nos mod\u00e8les discursifs logiques, puis les codes suivant lesquels nous conduisons nos r\u00e9flexions. Pour les personnes devant aller dans les dialogues des cultures en utilisant des langues secondes, d\u2019adoption ou de travail; des difficult\u00e9s, des incompr\u00e9hensions, des dialogues de sourds peuvent surgir si les conversions des r\u00e9f\u00e9rents langagiers initiaux vers\/dans les langues secondes n\u2019 arrivent pas \u00eatre bien faites, ou sont carr\u00e9ment impossibles.M,K.<\/p>\n<p>\u25ba Le RACISME trouve sa source dans la grande ignorance criante et l\u2019inculture condamnable qu\u2019on peut encore rencontrer curieusement dans le monde dit d\u00e9velopp\u00e9 o\u00f9 on a pourtant l\u2019avantage d\u2019apprendre facilement l\u2019Histoire. Un homme raciste r\u00e9v\u00e8le sans le vouloir qu\u2019il est mal form\u00e9 aux fondamentaux de l\u2019Histoire et de ce fait ne sait pas qu\u2019il y a culture et culture, civilisation et civilisation. C\u2019est g\u00e9n\u00e9ralement un homme qui ne connait que son village et la ville attenante, rarement la capitale de son pays.Tous les racistes que j\u2019ai rencontr\u00e9s, se comportent, r\u00e9fl\u00e9chissent et agissent comme des grenouilles qui vivent dans un puits tari et qui croient fermement que le ciel se limite \u00e0 sa portion qu\u2019elles voient de par leur position. Seuls les Hommes se situant sur le rebord du puits peuvent intelligemment apporter aux racistes, la connaissance de ce qu\u2019ils ignorent de leur propre Histoire et celles \u00ab des autres \u00bb et la critique de ce qu\u2019ils croient savoir en convoquant des \u00e9v\u00e9nements historiques pr\u00e9cis. M,K.<\/p>\n<p>\u25baLE TEMPS SOCIAL DE LA F\u00caTE.<br \/>\nDans le temps social consacr\u00e9 \u00e0 la f\u00eate, qu\u2019elle soit religieuse ou profane, il y a r\u00e9ellement des \u00e9pisodes de non droit, ou de tol\u00e9rance \u00e0 la transgression de quelques r\u00e8gles formelles, tacites ou informelles, admises ou impos\u00e9es. A preuve, ces voisins qui jubilent et scandent \u00e0 l\u2019endroit de tous : \u00bb bonne F\u00caTE de RAMADAN \u00bb , n\u2019avaient jamais su dire spontan\u00e9ment : \u00bb bonjour \u00bb , les jours ordinaires. Les adolescents en bande qui fument la cigarette, ce jour, mimant en toute impunit\u00e9 les adultes fumeurs, seront punis s\u2019ils se hasardent \u00e0 jouer aux fumeurs apr\u00e8s les fi\u00e8vres et les exc\u00e8s de la f\u00eate\u2026 Ce temps laisse entrevoir notre profonde humanit\u00e9 universaliste non manipul\u00e9e par les donn\u00e9es culturelles \u00e9go\u00efstes. M,K.<\/p>\n<p>\u25ba La premi\u00e8re RELIGION de l\u2019Homme dou\u00e9 de RAISON est ind\u00e9niablement sa CONSCIENCE.M,K.<\/p>\n<p>\u25baEn se prenant trop au s\u00e9rieux, le risque que l\u2019on court, c\u2019est de ne plus \u00eatre socialement bon et efficace. M,K.<\/p>\n<p>\u25baLA POLITIQUE ET LE TRAVESTISSEMENT DES MOTS.<br \/>\nLe plus grand mal que les POLITICIENS font au PEUPLE de nos jours est l\u2019utilisation consciente des MOTS inadapt\u00e9s pour designer les MAUX de la SOCI\u00c9T\u00c9. M,K.<\/p>\n<p>\u25ba Ce que tu ne connais pas ne te manque pas. M,K.<br \/>\n[T\u00e8bo du B\u00e9nin ; 2002]<\/p>\n<p><span class=\"_5mfr _47e3\"><img decoding=\"async\" loading=\"lazy\" class=\"img\" role=\"presentation\" src=\"https:\/\/www.facebook.com\/images\/emoji.php\/v9\/f2d\/1\/16\/2666.png\" alt=\"\" width=\"16\" height=\"16\" \/><\/span>M,K.-LTA 2002-2017. Cr\u00e9dit Photo : ?<\/p>\n","protected":false},"excerpt":{"rendered":"<p>\u25ba Un ESPRIT encombr\u00e9 n\u2019est pas IMAGINATIF. M,K. [\u00a0#T\u00e8bo\u00a0du\u00a0#B\u00e9nin\u00a0; 2002]. En Hommage \u00e0 mon Fr\u00e8re et \u00e9quipier de terrain, intr\u00e9pide et perspicace,\u00a0#Bond\u00e9\u00a0Orou Tobou Pierre [+]. Requiescant in pace. \u25baL\u2019INTELLECTUEL devant faire savoir publiquement son OPINION, nourrit par cons\u00e9quent la CRITIQUE[&hellip;] <a class=\"more-link\" href=\"https:\/\/www.mikaila.info\/blog\/une-reflexion-mklta\/\">&darr; Read the rest of this entry&#8230;<\/a><\/p>\n","protected":false},"author":1,"featured_media":0,"parent":0,"menu_order":0,"comment_status":"closed","ping_status":"closed","template":"","meta":[],"_links":{"self":[{"href":"https:\/\/www.mikaila.info\/blog\/wp-json\/wp\/v2\/pages\/1344"}],"collection":[{"href":"https:\/\/www.mikaila.info\/blog\/wp-json\/wp\/v2\/pages"}],"about":[{"href":"https:\/\/www.mikaila.info\/blog\/wp-json\/wp\/v2\/types\/page"}],"author":[{"embeddable":true,"href":"https:\/\/www.mikaila.info\/blog\/wp-json\/wp\/v2\/users\/1"}],"replies":[{"embeddable":true,"href":"https:\/\/www.mikaila.info\/blog\/wp-json\/wp\/v2\/comments?post=1344"}],"version-history":[{"count":15,"href":"https:\/\/www.mikaila.info\/blog\/wp-json\/wp\/v2\/pages\/1344\/revisions"}],"predecessor-version":[{"id":2250,"href":"https:\/\/www.mikaila.info\/blog\/wp-json\/wp\/v2\/pages\/1344\/revisions\/2250"}],"wp:attachment":[{"href":"https:\/\/www.mikaila.info\/blog\/wp-json\/wp\/v2\/media?parent=1344"}],"curies":[{"name":"wp","href":"https:\/\/api.w.org\/{rel}","templated":true}]}}